{"id":707,"date":"2023-07-06T17:49:16","date_gmt":"2023-07-06T14:49:16","guid":{"rendered":"https:\/\/istanbulsydneyhotel.com\/?page_id=707"},"modified":"2023-07-06T18:17:15","modified_gmt":"2023-07-06T15:17:15","slug":"historical-wonders-of-istanbul","status":"publish","type":"page","link":"https:\/\/istanbulsydneyhotel.com\/tr\/historical-wonders-of-istanbul\/","title":{"rendered":"Gezilecek Yerler"},"content":{"rendered":"<p>\u0130stanbul'un Tarihi Harikalar\u0131na Ho\u015f Geldiniz!<\/p>\n\n\n\n<p>\u015eehrin kalbinde yer alan oteliniz Istanbul Sydney Hotel'den \u00e7ok uzakla\u015fmadan kendinizi \u0130stanbul'un b\u00fcy\u00fcleyici tarihi ve k\u00fclt\u00fcrel miras\u0131na b\u0131rak\u0131n. Istanbul Sydney Hotel, bu kadim \u015fehrin kimli\u011fini \u015fekillendiren ikonik yerleri ke\u015ffetmek i\u00e7in ideal bir \u00fcst\u00fcr.<\/p>\n\n\n\n<p>\u0130stanbul'un merkezinde elveri\u015fli bir konuma sahip olan Istanbul Sydney Hotel, sizi tarihi simge yap\u0131lardan olu\u015fan bir hazineye kolayca ula\u015ft\u0131r\u0131r. Otelinizin kap\u0131s\u0131ndan d\u0131\u015far\u0131 ad\u0131m\u0131n\u0131z\u0131 at\u0131n ve \u0130stanbul'un en \u00fcnl\u00fc cazibe merkezlerinden baz\u0131lar\u0131n\u0131 ke\u015ffederken zaman i\u00e7inde b\u00fcy\u00fcleyici bir yolculu\u011fa \u00e7\u0131kmaya haz\u0131rlan\u0131n:<\/p>\n\n\n\n<ol class=\"wp-block-list\">\n<li>Aya Sofya: \u0130stanbul Sydney Hotel'den sadece k\u0131sa bir y\u00fcr\u00fcy\u00fc\u015f mesafesinde, Ayasofya olarak da bilinen muhte\u015fem Aya Sofya ile kar\u015f\u0131la\u015facaks\u0131n\u0131z. \u0130\u00e7eri ad\u0131m at\u0131n ve hayranl\u0131k uyand\u0131ran ihti\u015fam\u0131na hayran kal\u0131n. Y\u00fczy\u0131llar boyunca Bizans ve Osmanl\u0131 tarihine tan\u0131kl\u0131k eden bu mimari \u015faheser, y\u00fckselen kubbesi ve karma\u015f\u0131k mozaikleriyle ziyaret\u00e7ileri b\u00fcy\u00fclemektedir.<\/li>\n\n\n\n<li>Sultanahmet Camii (Sultan Ahmed Camii): \u0130stanbul Sydney Hotel'den birka\u00e7 dakikal\u0131k y\u00fcr\u00fcy\u00fc\u015fle, narin mavi \u00e7iniler ve alt\u0131 y\u00fcksek minare ile s\u00fcslenmi\u015f mimari bir m\u00fccevher olan Sultanahmet Camii'ne ula\u015fabilirsiniz. Geni\u015f avlusunda dola\u015f\u0131rken huzurlu atmosferi i\u00e7inize \u00e7ekin ve \u0130slam sanat\u0131 ile tasar\u0131m\u0131n\u0131n uyumlu kar\u0131\u015f\u0131m\u0131n\u0131 deneyimleyin.<\/li>\n\n\n\n<li>Topkap\u0131 Saray\u0131: \u0130stanbul Sydney Hotel'den kolayca ula\u015f\u0131labilecek bir mesafede, sultanlar\u0131n eski ikametg\u00e2h\u0131 olan Topkap\u0131 Saray\u0131 yer almaktad\u0131r. Zarif avlulara, g\u00f6steri\u015fli odalara ve \u00fcnl\u00fc Topkap\u0131 Han\u00e7eri ve Ka\u015f\u0131k\u00e7\u0131 Elmas\u0131 gibi \u00e7arp\u0131c\u0131 eser koleksiyonlar\u0131na ev sahipli\u011fi yapan geni\u015f kompleksi ke\u015ffedin. Dinlenmeye haz\u0131r oldu\u011funuzda otelinizin sadece birka\u00e7 dakika uzakl\u0131kta oldu\u011funu bilerek kendinizi Osmanl\u0131 \u0130mparatorlu\u011fu'nun zenginli\u011fine b\u0131rak\u0131n.<\/li>\n\n\n\n<li>Kapal\u0131 \u00c7ar\u015f\u0131: \u0130stanbul'a yap\u0131lan hi\u00e7bir ziyaret Kapal\u0131 \u00c7ar\u015f\u0131'n\u0131n hareketli labirentine girmeden tamamlanm\u0131\u015f say\u0131lmaz. Neyse ki, \u0130stanbul Sydney Hotel'e k\u0131sa bir mesafededir. Baharatlar, tekstil \u00fcr\u00fcnleri, m\u00fccevherler ve hediyelik e\u015fyalarla dolu canl\u0131 sokaklar\u0131nda kendinizi kaybedin. Istanbul Sydney Hotel'in rahat\u0131n\u0131z i\u00e7in yak\u0131nlarda elveri\u015fli bir konumda oldu\u011funu bilerek kendinizi bu tarihi pazar yerinin manzaralar\u0131na, seslerine ve kokular\u0131na b\u0131rak\u0131n.<\/li>\n\n\n\n<li>Yerebatan Sarn\u0131c\u0131: Bir yeralt\u0131 harikas\u0131 olan Yerebatan Sarn\u0131c\u0131, Konstantinopolis'in B\u00fcy\u00fck Saray\u0131'na su sa\u011flayan geni\u015f bir yeralt\u0131 yap\u0131s\u0131d\u0131r. Tarihi 6. y\u00fczy\u0131la kadar uzanan sarn\u0131\u00e7ta, durgun suya yans\u0131yan antik s\u00fctun s\u0131ralar\u0131 \u00fcrk\u00fct\u00fcc\u00fc ve b\u00fcy\u00fcleyici bir atmosfer yaratmaktad\u0131r. Ziyaret\u00e7iler y\u00fckseltilmi\u015f platformlar boyunca y\u00fcr\u00fcyebilir ve bu e\u015fsiz alan\u0131n tarihi \u00f6nemine ve mimari g\u00fczelli\u011fine hayran kalabilirler.<\/li>\n\n\n\n<li>M\u0131s\u0131r \u00c7ar\u015f\u0131s\u0131 (Spice Bazaar): M\u0131s\u0131r \u00c7ar\u015f\u0131s\u0131 olarak da bilinen bu canl\u0131 pazar yeri duyular i\u00e7in bir ziyafettir. Yeni Cami'nin yak\u0131n\u0131nda bulunan \u00e7ar\u015f\u0131, \u0130stanbul'un en eski ve en \u00fcnl\u00fc \u00e7ar\u015f\u0131lar\u0131ndan biridir. Ziyaret\u00e7iler, \u00e7ok \u00e7e\u015fitli aromatik baharatlar, otlar, \u00e7aylar, T\u00fcrk lokumlar\u0131, kuru meyveler ve di\u011fer mutfak lezzetlerini satan tezgahlarla dolu hareketli \u015feritlerinde dola\u015fabilirler. Renkli g\u00f6r\u00fcnt\u00fcler ve sarho\u015f edici kokular, buray\u0131 yemek merakl\u0131lar\u0131 ve e\u015fsiz hediyelik e\u015fyalar arayanlar i\u00e7in bir cennet haline getirmektedir.<\/li>\n\n\n\n<li>\u0130stanbul Bo\u011faz\u0131: \u0130stanbul Bo\u011faz\u0131, \u0130stanbul'un Avrupa ve Asya yakalar\u0131n\u0131 birbirinden ay\u0131rmakta ve \u00e7arp\u0131c\u0131 bir do\u011fal cazibe merkezi olarak hizmet vermektedir. Bir Bo\u011faz gezisi yapmak, ziyaret\u00e7ilerin \u015fehrin do\u011fal g\u00fczelli\u011fine sudan tan\u0131kl\u0131k etmelerini sa\u011flar. Bo\u011faz boyunca ilerlerken muhte\u015fem yal\u0131lar\u0131n, Rumeli Hisar\u0131 ve Anadolu Hisar\u0131 gibi tarihi hisarlar\u0131n, pitoresk k\u00f6ylerin ve Bo\u011fazi\u00e7i K\u00f6pr\u00fcs\u00fc gibi ikonik simge yap\u0131lar\u0131n yan\u0131ndan ge\u00e7eceksiniz. Bo\u011faz turu, \u0130stanbul'un sil\u00fcetinin ve \u015fehri tan\u0131mlayan Do\u011fu ile Bat\u0131'n\u0131n e\u015fsiz kar\u0131\u015f\u0131m\u0131n\u0131n nefes kesici panoramik manzaralar\u0131n\u0131 sunmaktad\u0131r.<\/li>\n<\/ol>\n\n\n\n<p>Otelin konumu son derece elveri\u015flidir ve \u00e7e\u015fitli ula\u015f\u0131m ara\u00e7lar\u0131na sadece be\u015f dakikal\u0131k y\u00fcr\u00fcme mesafesindedir. Konuklar otele yak\u0131n tramvay, otob\u00fcs, deniz tramvay\u0131, metro ve Marmaray istasyonlar\u0131na kolayca eri\u015febilir. Bu birinci s\u0131n\u0131f konum, ziyaret\u00e7ilerin \u0130stanbul genelinde kesintisiz ba\u011flant\u0131ya sahip olmas\u0131n\u0131 sa\u011flayarak \u015fehrin bir\u00e7ok cazibe merkezini kolayl\u0131kla ke\u015ffetmelerine olanak tan\u0131r. \u0130ster Sultanahmet'in tarihi harikalar\u0131n\u0131 ke\u015ffetmek i\u00e7in tramvaya binsinler, ister \u015fehrin daha da i\u00e7lerine gitmek i\u00e7in otob\u00fcse binsinler, ister Bo\u011faz boyunca pitoresk bir su tramvay\u0131 yolculu\u011fu yaps\u0131nlar, ister yeralt\u0131 seyahati i\u00e7in metroyu kullans\u0131nlar ya da \u0130stanbul'un Avrupa ve Asya yakalar\u0131 aras\u0131nda sorunsuz bir \u015fekilde ge\u00e7i\u015f yapmak i\u00e7in Marmaray'\u0131 kullans\u0131nlar, konuklar kendilerini \u015fehrin her k\u00f6\u015fesine iyi bir \u015fekilde ba\u011flanm\u0131\u015f bulacaklard\u0131r. Birden fazla ula\u015f\u0131m se\u00e7ene\u011fine bu kadar kolay eri\u015fim sayesinde, bu otelin konuklar\u0131 \u0130stanbul'da ge\u00e7irdikleri zaman\u0131 optimize edebilir ve bu canl\u0131 metropolde zahmetsiz bir ke\u015fif ve unutulmaz bir deneyim ya\u015fayabilirler.<\/p>\n\n\n\n<p>Ke\u015ffinizi planlarken, \u0130stanbul Sydney Hotel'in \u0130stanbul'un merkezindeki birinci s\u0131n\u0131f konumundan yararlan\u0131n. Kap\u0131n\u0131z\u0131n \u00f6n\u00fcndeki bu inan\u0131lmaz tarihi harikalarla, \u015fehirde zahmetsizce gezinebilir ve \u0130stanbul'un zengin ge\u00e7mi\u015finde kesintisiz ve unutulmaz bir yolculuk yapabilirsiniz.<\/p>\n\n\n\n<p>(Not: A\u015fa\u011f\u0131daki g\u00f6m\u00fcl\u00fc Google Haritalar, her bir var\u0131\u015f noktas\u0131nda yolunuzu bulman\u0131zda size daha fazla yard\u0131mc\u0131 olacakt\u0131r. Ayr\u0131nt\u0131l\u0131 yol tarifi almak i\u00e7in i\u015faretlere t\u0131klaman\u0131z yeterli!)<\/p>\n\n\n\n<p>\u015eehrin tam kalbinden \u0130stanbul'un tarihi harikalar\u0131 aras\u0131nda ola\u011fan\u00fcst\u00fc bir macera i\u00e7in \u0130stanbul Sydney Hotel'de bize kat\u0131l\u0131n!<\/p>\n\n\n\n<h2 class=\"gb-headline gb-headline-31c2bb80 gb-headline-text\">\u0130stanbul Sydney Hotel'den Aya Sofya ve Sultanahmet Camii'ne Yol<\/h2>\n\n\n\n<iframe src=\"https:\/\/www.google.com\/maps\/embed?pb=!1m28!1m12!1m3!1d12043.48871127629!2d28.96070330015641!3d41.00617083450863!2m3!1f0!2f0!3f0!3m2!1i1024!2i768!4f13.1!4m13!3e2!4m5!1s0x14cab98491fd60a7%3A0x32994844376baa08!2sMuhsine%20Hatun%20Mah.%2C%20Istanbul%20Sydney%20Hotel%2C%20Tavas%C4%B1%20%C3%87e%C5%9Fme%20Sokak%2C%20Kumkap%C4%B1%20%2F%20Fatih%2FFatih%2F%C4%B0stanbul!3m2!1d41.0041869!2d28.962293!4m5!1s0x14cab9bdd336f239%3A0x86dc94f7414f2caf!2sAyasofya%20Meydan%C4%B1%2C%20Cankurtaran%2C%2034122%20Fatih%2F%C4%B0stanbul!3m2!1d41.0076891!2d28.979206599999998!5e0!3m2!1sen!2str!4v1688656009528!5m2!1sen!2str\" width=\"600\" height=\"450\" style=\"border:0;\" allowfullscreen=\"\" loading=\"lazy\" referrerpolicy=\"no-referrer-when-downgrade\"><\/iframe>\n\n\n\n<h2 class=\"gb-headline gb-headline-5a3c7efb gb-headline-text\">Otelimizden Kapal\u0131 \u00c7ar\u015f\u0131'ya gidi\u015f<\/h2>\n\n\n\n<iframe src=\"https:\/\/www.google.com\/maps\/embed?pb=!1m28!1m12!1m3!1d6021.628364170587!2d28.96002734188315!3d41.007440131669924!2m3!1f0!2f0!3f0!3m2!1i1024!2i768!4f13.1!4m13!3e2!4m5!1s0x14cab98491fd60a7%3A0x32994844376baa08!2sMuhsine%20Hatun%20Mah.%2C%20Istanbul%20Sydney%20Hotel%2C%20Tavas%C4%B1%20%C3%87e%C5%9Fme%20Sokak%2C%20Kumkap%C4%B1%20%2F%20Fatih%2FFatih%2F%C4%B0stanbul!3m2!1d41.0041869!2d28.962293!4m5!1s0x14cab99162d70527%3A0x64c8680b5ac198ab!2zQmV5YXrEsXQsIEdyYW5kIEJhemFhciwgRmF0aWgvxLBzdGFuYnVs!3m2!1d41.0106848!2d28.9680681!5e0!3m2!1sen!2str!4v1688656123380!5m2!1sen!2str\" width=\"600\" height=\"450\" style=\"border:0;\" allowfullscreen=\"\" loading=\"lazy\" referrerpolicy=\"no-referrer-when-downgrade\"><\/iframe>\n\n\n\n<h2 class=\"gb-headline gb-headline-7f74e904 gb-headline-text\">\u0130stanbul Sydney Otel'den Yalova feribotuna giden yol<\/h2>\n\n\n\n<iframe src=\"https:\/\/www.google.com\/maps\/embed?pb=!1m28!1m12!1m3!1d3011.007923610823!2d28.955549025143217!3d41.00319976973899!2m3!1f0!2f0!3f0!3m2!1i1024!2i768!4f13.1!4m13!3e2!4m5!1s0x14cab98491fd60a7%3A0x32994844376baa08!2sMuhsine%20Hatun%20Mah.%2C%20Istanbul%20Sydney%20Hotel%2C%20Tavas%C4%B1%20%C3%87e%C5%9Fme%20Sokak%2C%20Kumkap%C4%B1%20%2F%20Fatih%2FFatih%2F%C4%B0stanbul!3m2!1d41.0041869!2d28.962293!4m5!1s0x14cab981094805ad%3A0x236dc1e0e1969911!2zxLBETyBZZW5pa2FwxLEgSMSxemzEsSBGZXJpYm90IMSwc2tlbGVzaQ!3m2!1d41.0023316!2d28.9562898!5e0!3m2!1sen!2str!4v1688656571122!5m2!1sen!2str\" width=\"600\" height=\"450\" style=\"border:0;\" allowfullscreen=\"\" loading=\"lazy\" referrerpolicy=\"no-referrer-when-downgrade\"><\/iframe>","protected":false},"excerpt":{"rendered":"<p>Welcome to Historical Wonders of Istanbul! Immerse yourself in the captivating history and cultural heritage of Istanbul, right from the comfort of Istanbul Sydney Hotel, your hotel located in the heart of the city. Istanbul Sydney Hotel serves as your perfect base for exploring the iconic sites that have shaped this ancient city&#8217;s identity. Conveniently &#8230; <a title=\"Gezilecek Yerler\" class=\"read-more\" href=\"https:\/\/istanbulsydneyhotel.com\/tr\/historical-wonders-of-istanbul\/\" aria-label=\"Read more about Historical Wonders of Istanbul\">Devam\u0131n\u0131 oku<\/a><\/p>","protected":false},"author":1,"featured_media":0,"parent":0,"menu_order":0,"comment_status":"closed","ping_status":"closed","template":"","meta":{"footnotes":""},"class_list":["post-707","page","type-page","status-publish"],"_links":{"self":[{"href":"https:\/\/istanbulsydneyhotel.com\/tr\/wp-json\/wp\/v2\/pages\/707","targetHints":{"allow":["GET"]}}],"collection":[{"href":"https:\/\/istanbulsydneyhotel.com\/tr\/wp-json\/wp\/v2\/pages"}],"about":[{"href":"https:\/\/istanbulsydneyhotel.com\/tr\/wp-json\/wp\/v2\/types\/page"}],"author":[{"embeddable":true,"href":"https:\/\/istanbulsydneyhotel.com\/tr\/wp-json\/wp\/v2\/users\/1"}],"replies":[{"embeddable":true,"href":"https:\/\/istanbulsydneyhotel.com\/tr\/wp-json\/wp\/v2\/comments?post=707"}],"version-history":[{"count":4,"href":"https:\/\/istanbulsydneyhotel.com\/tr\/wp-json\/wp\/v2\/pages\/707\/revisions"}],"predecessor-version":[{"id":714,"href":"https:\/\/istanbulsydneyhotel.com\/tr\/wp-json\/wp\/v2\/pages\/707\/revisions\/714"}],"wp:attachment":[{"href":"https:\/\/istanbulsydneyhotel.com\/tr\/wp-json\/wp\/v2\/media?parent=707"}],"curies":[{"name":"wp","href":"https:\/\/api.w.org\/{rel}","templated":true}]}}